{"id":130,"date":"2026-01-19T19:40:03","date_gmt":"2026-01-19T18:40:03","guid":{"rendered":"https:\/\/chandlerneprijde.cz\/?page_id=130"},"modified":"2026-01-19T20:32:08","modified_gmt":"2026-01-19T19:32:08","slug":"vstup","status":"publish","type":"page","link":"https:\/\/chandlerneprijde.cz\/index.php\/vstup\/","title":{"rendered":""},"content":{"rendered":"<style>\n  header, footer { display:none !important; }<\/p>\n<p>  main{\n    min-height:100vh;\n    display:flex;\n    justify-content:center;\n    align-items:center;\n  }\n<\/style>\n<div style=\"width:100%;max-width:420px;padding:0 16px;text-align:center;\">\n<h3 style=\"margin-bottom:8px;\">\n    V\u00edtejte na svatebn\u00edm webu Honzy a Ev\u010di<br \/>\n  <\/h3>\n<p style=\"margin-top:0;margin-bottom:28px;color:#666;\">\n    Heslo najdete na sv\u00e9 pozv\u00e1nce\n  <\/p>\n<form method=\"post\">\n<p>    <input\n      type=\"password\"\n      name=\"site_password\"\n      placeholder=\"Zadej heslo\"\n      required\n      style=\"\n        width:100%;\n        box-sizing:border-box;\n        padding:14px 16px;\n        font-size:16px;\n        text-align:center;\n        border-radius:6px;\n        border:1px solid #000;\n      \"\n    ><\/p>\n<p><button\n  type=\"submit\"\n  style=\"\n    margin-top:20px;\n    width:100%;\n\n    background:#b89b3c !important;\n    color:#fff !important;\n    border:none !important;\n    border-radius:6px !important;\n\n    padding:14px 16px !important;\n    line-height:1 !important;\n\n    display:flex !important;\n    align-items:center !important;\n    justify-content:center !important;\n\n    font-size:16px !important;\n    font-weight:600 !important;\n\n    cursor:pointer !important;\n  \"\n><br \/>\n  Vstoupit<br \/>\n<\/button><\/p><\/form>\n<div id=\"pw-error\" style=\"display:none;color:red;margin-top:14px;\">\n    \u0160patn\u00e9 heslo.\n  <\/div>\n<\/div>\n<p><script>\n  const u = new URL(location.href);\n  if (u.searchParams.get('pw') === 'bad') {\n    document.getElementById('pw-error').style.display = 'block';\n  }\n<\/script><\/p>\n","protected":false},"excerpt":{"rendered":"<p>V\u00edtejte na svatebn\u00edm webu Honzy a Ev\u010di Heslo najdete na sv\u00e9 pozv\u00e1nce Vstoupit \u0160patn\u00e9 heslo.<\/p>\n","protected":false},"author":1,"featured_media":0,"parent":0,"menu_order":0,"comment_status":"closed","ping_status":"closed","template":"","meta":{"ngg_post_thumbnail":0,"footnotes":""},"class_list":["post-130","page","type-page","status-publish","hentry"],"_links":{"self":[{"href":"https:\/\/chandlerneprijde.cz\/index.php\/wp-json\/wp\/v2\/pages\/130","targetHints":{"allow":["GET"]}}],"collection":[{"href":"https:\/\/chandlerneprijde.cz\/index.php\/wp-json\/wp\/v2\/pages"}],"about":[{"href":"https:\/\/chandlerneprijde.cz\/index.php\/wp-json\/wp\/v2\/types\/page"}],"author":[{"embeddable":true,"href":"https:\/\/chandlerneprijde.cz\/index.php\/wp-json\/wp\/v2\/users\/1"}],"replies":[{"embeddable":true,"href":"https:\/\/chandlerneprijde.cz\/index.php\/wp-json\/wp\/v2\/comments?post=130"}],"version-history":[{"count":23,"href":"https:\/\/chandlerneprijde.cz\/index.php\/wp-json\/wp\/v2\/pages\/130\/revisions"}],"predecessor-version":[{"id":159,"href":"https:\/\/chandlerneprijde.cz\/index.php\/wp-json\/wp\/v2\/pages\/130\/revisions\/159"}],"wp:attachment":[{"href":"https:\/\/chandlerneprijde.cz\/index.php\/wp-json\/wp\/v2\/media?parent=130"}],"curies":[{"name":"wp","href":"https:\/\/api.w.org\/{rel}","templated":true}]}}